{"id":51,"date":"2023-08-13T18:47:36","date_gmt":"2023-08-13T16:47:36","guid":{"rendered":"https:\/\/adrianfernandezabogado.com.ar\/?page_id=51"},"modified":"2023-08-13T20:53:32","modified_gmt":"2023-08-13T18:53:32","slug":"compensacion-economica","status":"publish","type":"page","link":"https:\/\/adrianfernandezabogado.com.ar\/index.php\/compensacion-economica\/","title":{"rendered":"Compensaci\u00f3n Econ\u00f3mica"},"content":{"rendered":"\t\t<div data-elementor-type=\"wp-page\" data-elementor-id=\"51\" class=\"elementor elementor-51\" data-elementor-settings=\"{&quot;ha_cmc_init_switcher&quot;:&quot;no&quot;}\" data-elementor-post-type=\"page\">\n\t\t\t\t\t\t<section class=\"elementor-section elementor-top-section elementor-element elementor-element-7bb702b elementor-section-boxed elementor-section-height-default elementor-section-height-default\" data-id=\"7bb702b\" data-element_type=\"section\" data-settings=\"{&quot;_ha_eqh_enable&quot;:false}\">\n\t\t\t\t\t\t<div class=\"elementor-container elementor-column-gap-default\">\n\t\t\t\t\t<div class=\"elementor-column elementor-col-100 elementor-top-column elementor-element elementor-element-a01a129\" data-id=\"a01a129\" data-element_type=\"column\">\n\t\t\t<div class=\"elementor-widget-wrap elementor-element-populated\">\n\t\t\t\t\t\t<div class=\"elementor-element elementor-element-a4a5bd4 elementor-widget elementor-widget-heading\" data-id=\"a4a5bd4\" data-element_type=\"widget\" data-widget_type=\"heading.default\">\n\t\t\t\t<div class=\"elementor-widget-container\">\n\t\t\t\t\t<h2 class=\"elementor-heading-title elementor-size-default\">Compensaci\u00f3n Econ\u00f3mica\n<\/h2>\t\t\t\t<\/div>\n\t\t\t\t<\/div>\n\t\t\t\t<div class=\"elementor-element elementor-element-90fb5aa elementor-widget elementor-widget-text-editor\" data-id=\"90fb5aa\" data-element_type=\"widget\" data-widget_type=\"text-editor.default\">\n\t\t\t\t<div class=\"elementor-widget-container\">\n\t\t\t\t\t\t\t\t\t<p>Con la implementaci\u00f3n del nuevo C\u00f3digo Civil y Comercial de la Naci\u00f3n, se ha incorporado una novedosa figura conocida como Compensaci\u00f3n Econ\u00f3mica.<\/p><p>Esta instituci\u00f3n se basa en la comparaci\u00f3n entre la situaci\u00f3n de los c\u00f3nyuges antes y despu\u00e9s del matrimonio. Si surge un desequilibrio entre ellos que resulte en un deterioro de la situaci\u00f3n de alguno, se abre la posibilidad de solicitar una compensaci\u00f3n econ\u00f3mica.<\/p><p>Las modalidades de esta compensaci\u00f3n son variadas: puede consistir en un \u00fanico pago, una renta durante un per\u00edodo espec\u00edfico o, en situaciones excepcionales, una renta de duraci\u00f3n indeterminada.<\/p><p>El cumplimiento de la compensaci\u00f3n econ\u00f3mica puede darse en forma de dinero, mediante el usufructo de bienes determinados o de cualquier otra manera que acuerden las partes o decida el Juez.<\/p><p>\u00bfC\u00f3mo se determina si ha ocurrido un desequilibrio?<\/p><p>El C\u00f3digo Civil y Comercial de la Naci\u00f3n establece una serie de pautas para evaluar si se ha producido o no el mencionado desequilibrio.<\/p><p>Una de estas pautas es:<\/p><p>El estado patrimonial al comienzo y al final del matrimonio.<\/p><p>La contribuci\u00f3n de cada c\u00f3nyuge al hogar y a la crianza y educaci\u00f3n de los hijos durante la convivencia.<\/p><p>La edad y estado de salud tanto de los c\u00f3nyuges como de los hijos.<\/p><p>La formaci\u00f3n laboral y la oportunidad de acceder a un empleo, entre otros factores.<\/p>\t\t\t\t\t\t\t\t<\/div>\n\t\t\t\t<\/div>\n\t\t\t\t\t<\/div>\n\t\t<\/div>\n\t\t\t\t\t<\/div>\n\t\t<\/section>\n\t\t\t\t<section class=\"elementor-section elementor-top-section elementor-element elementor-element-6fd38175 elementor-section-full_width elementor-section-height-default elementor-section-height-default\" data-id=\"6fd38175\" data-element_type=\"section\" data-settings=\"{&quot;background_background&quot;:&quot;classic&quot;,&quot;_ha_eqh_enable&quot;:false}\">\n\t\t\t\t\t\t<div class=\"elementor-container elementor-column-gap-default\">\n\t\t\t\t\t<div class=\"elementor-column elementor-col-25 elementor-top-column elementor-element elementor-element-41a057c9\" data-id=\"41a057c9\" data-element_type=\"column\">\n\t\t\t<div class=\"elementor-widget-wrap elementor-element-populated\">\n\t\t\t\t\t\t<div class=\"elementor-element elementor-element-3d985f30 elementor-align-center elementor-widget elementor-widget-button\" data-id=\"3d985f30\" data-element_type=\"widget\" data-widget_type=\"button.default\">\n\t\t\t\t<div class=\"elementor-widget-container\">\n\t\t\t\t\t\t\t\t\t<div class=\"elementor-button-wrapper\">\n\t\t\t\t\t<a class=\"elementor-button elementor-button-link elementor-size-sm\" href=\"https:\/\/adrianfernandezabogado.com.ar\/index.php\/divorcios\/\">\n\t\t\t\t\t\t<span class=\"elementor-button-content-wrapper\">\n\t\t\t\t\t\t\t\t\t<span class=\"elementor-button-text\">Divorcios<\/span>\n\t\t\t\t\t<\/span>\n\t\t\t\t\t<\/a>\n\t\t\t\t<\/div>\n\t\t\t\t\t\t\t\t<\/div>\n\t\t\t\t<\/div>\n\t\t\t\t\t<\/div>\n\t\t<\/div>\n\t\t\t\t<div class=\"elementor-column elementor-col-25 elementor-top-column elementor-element elementor-element-4511f5d\" data-id=\"4511f5d\" data-element_type=\"column\">\n\t\t\t<div class=\"elementor-widget-wrap elementor-element-populated\">\n\t\t\t\t\t\t<div class=\"elementor-element elementor-element-237acfc6 elementor-align-center elementor-widget elementor-widget-button\" data-id=\"237acfc6\" data-element_type=\"widget\" data-widget_type=\"button.default\">\n\t\t\t\t<div class=\"elementor-widget-container\">\n\t\t\t\t\t\t\t\t\t<div class=\"elementor-button-wrapper\">\n\t\t\t\t\t<a class=\"elementor-button elementor-button-link elementor-size-sm\" href=\"https:\/\/adrianfernandezabogado.com.ar\/index.php\/compensacion-economica\/\">\n\t\t\t\t\t\t<span class=\"elementor-button-content-wrapper\">\n\t\t\t\t\t\t\t\t\t<span class=\"elementor-button-text\">Compensaci\u00f3n Econ\u00f3mica<\/span>\n\t\t\t\t\t<\/span>\n\t\t\t\t\t<\/a>\n\t\t\t\t<\/div>\n\t\t\t\t\t\t\t\t<\/div>\n\t\t\t\t<\/div>\n\t\t\t\t\t<\/div>\n\t\t<\/div>\n\t\t\t\t<div class=\"elementor-column elementor-col-25 elementor-top-column elementor-element elementor-element-6690ae9\" data-id=\"6690ae9\" data-element_type=\"column\">\n\t\t\t<div class=\"elementor-widget-wrap elementor-element-populated\">\n\t\t\t\t\t\t<div class=\"elementor-element elementor-element-22eddd8b elementor-align-center elementor-widget elementor-widget-button\" data-id=\"22eddd8b\" data-element_type=\"widget\" data-widget_type=\"button.default\">\n\t\t\t\t<div class=\"elementor-widget-container\">\n\t\t\t\t\t\t\t\t\t<div class=\"elementor-button-wrapper\">\n\t\t\t\t\t<a class=\"elementor-button elementor-button-link elementor-size-sm\" href=\"https:\/\/adrianfernandezabogado.com.ar\/index.php\/regimen-de-comunicacion\/\">\n\t\t\t\t\t\t<span class=\"elementor-button-content-wrapper\">\n\t\t\t\t\t\t\t\t\t<span class=\"elementor-button-text\">R\u00e9gimen de Comunicaci\u00f3n<\/span>\n\t\t\t\t\t<\/span>\n\t\t\t\t\t<\/a>\n\t\t\t\t<\/div>\n\t\t\t\t\t\t\t\t<\/div>\n\t\t\t\t<\/div>\n\t\t\t\t\t<\/div>\n\t\t<\/div>\n\t\t\t\t<div class=\"elementor-column elementor-col-25 elementor-top-column elementor-element elementor-element-7876223c\" data-id=\"7876223c\" data-element_type=\"column\">\n\t\t\t<div class=\"elementor-widget-wrap elementor-element-populated\">\n\t\t\t\t\t\t<div class=\"elementor-element elementor-element-320e6d59 elementor-align-center elementor-widget elementor-widget-button\" data-id=\"320e6d59\" data-element_type=\"widget\" data-widget_type=\"button.default\">\n\t\t\t\t<div class=\"elementor-widget-container\">\n\t\t\t\t\t\t\t\t\t<div class=\"elementor-button-wrapper\">\n\t\t\t\t\t<a class=\"elementor-button elementor-button-link elementor-size-sm\" href=\"https:\/\/adrianfernandezabogado.com.ar\/index.php\/atribucion-de-la-vivienda\/\">\n\t\t\t\t\t\t<span class=\"elementor-button-content-wrapper\">\n\t\t\t\t\t\t\t\t\t<span class=\"elementor-button-text\">Atribuci\u00f3n de la Vivienda<\/span>\n\t\t\t\t\t<\/span>\n\t\t\t\t\t<\/a>\n\t\t\t\t<\/div>\n\t\t\t\t\t\t\t\t<\/div>\n\t\t\t\t<\/div>\n\t\t\t\t\t<\/div>\n\t\t<\/div>\n\t\t\t\t\t<\/div>\n\t\t<\/section>\n\t\t\t\t<section class=\"elementor-section elementor-top-section elementor-element elementor-element-59379c10 elementor-section-full_width elementor-section-height-default elementor-section-height-default\" data-id=\"59379c10\" data-element_type=\"section\" data-settings=\"{&quot;background_background&quot;:&quot;classic&quot;,&quot;_ha_eqh_enable&quot;:false}\">\n\t\t\t\t\t\t<div class=\"elementor-container elementor-column-gap-default\">\n\t\t\t\t\t<div class=\"elementor-column elementor-col-20 elementor-top-column elementor-element elementor-element-4890c964\" data-id=\"4890c964\" data-element_type=\"column\">\n\t\t\t<div class=\"elementor-widget-wrap elementor-element-populated\">\n\t\t\t\t\t\t<div class=\"elementor-element elementor-element-42ec13b3 elementor-align-center elementor-widget elementor-widget-button\" data-id=\"42ec13b3\" data-element_type=\"widget\" data-widget_type=\"button.default\">\n\t\t\t\t<div class=\"elementor-widget-container\">\n\t\t\t\t\t\t\t\t\t<div class=\"elementor-button-wrapper\">\n\t\t\t\t\t<a class=\"elementor-button elementor-button-link elementor-size-sm\" href=\"https:\/\/adrianfernandezabogado.com.ar\/index.php\/cuidado-personal-de-hijos\/\">\n\t\t\t\t\t\t<span class=\"elementor-button-content-wrapper\">\n\t\t\t\t\t\t\t\t\t<span class=\"elementor-button-text\">Cuidado Personal de Hijos<\/span>\n\t\t\t\t\t<\/span>\n\t\t\t\t\t<\/a>\n\t\t\t\t<\/div>\n\t\t\t\t\t\t\t\t<\/div>\n\t\t\t\t<\/div>\n\t\t\t\t\t<\/div>\n\t\t<\/div>\n\t\t\t\t<div class=\"elementor-column elementor-col-20 elementor-top-column elementor-element elementor-element-414c1e7d\" data-id=\"414c1e7d\" data-element_type=\"column\">\n\t\t\t<div class=\"elementor-widget-wrap elementor-element-populated\">\n\t\t\t\t\t\t<div class=\"elementor-element elementor-element-3aa61f89 elementor-align-center elementor-widget elementor-widget-button\" data-id=\"3aa61f89\" data-element_type=\"widget\" data-widget_type=\"button.default\">\n\t\t\t\t<div class=\"elementor-widget-container\">\n\t\t\t\t\t\t\t\t\t<div class=\"elementor-button-wrapper\">\n\t\t\t\t\t<a class=\"elementor-button elementor-button-link elementor-size-sm\" href=\"https:\/\/adrianfernandezabogado.com.ar\/index.php\/capacidad-juridica\/\">\n\t\t\t\t\t\t<span class=\"elementor-button-content-wrapper\">\n\t\t\t\t\t\t\t\t\t<span class=\"elementor-button-text\">Capacidad Jur\u00eddica<\/span>\n\t\t\t\t\t<\/span>\n\t\t\t\t\t<\/a>\n\t\t\t\t<\/div>\n\t\t\t\t\t\t\t\t<\/div>\n\t\t\t\t<\/div>\n\t\t\t\t\t<\/div>\n\t\t<\/div>\n\t\t\t\t<div class=\"elementor-column elementor-col-20 elementor-top-column elementor-element elementor-element-7b6ca559\" data-id=\"7b6ca559\" data-element_type=\"column\">\n\t\t\t<div class=\"elementor-widget-wrap elementor-element-populated\">\n\t\t\t\t\t\t<div class=\"elementor-element elementor-element-24ab834b elementor-align-center elementor-widget elementor-widget-button\" data-id=\"24ab834b\" data-element_type=\"widget\" data-widget_type=\"button.default\">\n\t\t\t\t<div class=\"elementor-widget-container\">\n\t\t\t\t\t\t\t\t\t<div class=\"elementor-button-wrapper\">\n\t\t\t\t\t<a class=\"elementor-button elementor-button-link elementor-size-sm\" href=\"https:\/\/adrianfernandezabogado.com.ar\/index.php\/plan-de-parentalidad\/\">\n\t\t\t\t\t\t<span class=\"elementor-button-content-wrapper\">\n\t\t\t\t\t\t\t\t\t<span class=\"elementor-button-text\">Plan de Parentalidad<\/span>\n\t\t\t\t\t<\/span>\n\t\t\t\t\t<\/a>\n\t\t\t\t<\/div>\n\t\t\t\t\t\t\t\t<\/div>\n\t\t\t\t<\/div>\n\t\t\t\t\t<\/div>\n\t\t<\/div>\n\t\t\t\t<div class=\"elementor-column elementor-col-20 elementor-top-column elementor-element elementor-element-15a6e288\" data-id=\"15a6e288\" data-element_type=\"column\">\n\t\t\t<div class=\"elementor-widget-wrap elementor-element-populated\">\n\t\t\t\t\t\t<div class=\"elementor-element elementor-element-11a8f4c3 elementor-align-center elementor-widget elementor-widget-button\" data-id=\"11a8f4c3\" data-element_type=\"widget\" data-widget_type=\"button.default\">\n\t\t\t\t<div class=\"elementor-widget-container\">\n\t\t\t\t\t\t\t\t\t<div class=\"elementor-button-wrapper\">\n\t\t\t\t\t<a class=\"elementor-button elementor-button-link elementor-size-sm\" href=\"https:\/\/adrianfernandezabogado.com.ar\/index.php\/sucesiones\/\">\n\t\t\t\t\t\t<span class=\"elementor-button-content-wrapper\">\n\t\t\t\t\t\t\t\t\t<span class=\"elementor-button-text\">Sucesiones<\/span>\n\t\t\t\t\t<\/span>\n\t\t\t\t\t<\/a>\n\t\t\t\t<\/div>\n\t\t\t\t\t\t\t\t<\/div>\n\t\t\t\t<\/div>\n\t\t\t\t\t<\/div>\n\t\t<\/div>\n\t\t\t\t<div class=\"elementor-column elementor-col-20 elementor-top-column elementor-element elementor-element-18244992\" data-id=\"18244992\" data-element_type=\"column\">\n\t\t\t<div class=\"elementor-widget-wrap elementor-element-populated\">\n\t\t\t\t\t\t<div class=\"elementor-element elementor-element-66f508cf elementor-align-center elementor-widget elementor-widget-button\" data-id=\"66f508cf\" data-element_type=\"widget\" data-widget_type=\"button.default\">\n\t\t\t\t<div class=\"elementor-widget-container\">\n\t\t\t\t\t\t\t\t\t<div class=\"elementor-button-wrapper\">\n\t\t\t\t\t<a class=\"elementor-button elementor-button-link elementor-size-sm\" href=\"https:\/\/adrianfernandezabogado.com.ar\/index.php\/filiaciones\/\">\n\t\t\t\t\t\t<span class=\"elementor-button-content-wrapper\">\n\t\t\t\t\t\t\t\t\t<span class=\"elementor-button-text\">Filiaciones<\/span>\n\t\t\t\t\t<\/span>\n\t\t\t\t\t<\/a>\n\t\t\t\t<\/div>\n\t\t\t\t\t\t\t\t<\/div>\n\t\t\t\t<\/div>\n\t\t\t\t\t<\/div>\n\t\t<\/div>\n\t\t\t\t\t<\/div>\n\t\t<\/section>\n\t\t\t\t<section class=\"elementor-section elementor-top-section elementor-element elementor-element-b049f3c elementor-section-boxed elementor-section-height-default elementor-section-height-default\" data-id=\"b049f3c\" data-element_type=\"section\" data-settings=\"{&quot;_ha_eqh_enable&quot;:false}\">\n\t\t\t\t\t\t<div class=\"elementor-container elementor-column-gap-default\">\n\t\t\t\t\t<div class=\"elementor-column elementor-col-100 elementor-top-column elementor-element elementor-element-81a2a68\" data-id=\"81a2a68\" data-element_type=\"column\">\n\t\t\t<div class=\"elementor-widget-wrap elementor-element-populated\">\n\t\t\t\t\t\t<div class=\"elementor-element elementor-element-d7a326e elementor-widget elementor-widget-spacer\" data-id=\"d7a326e\" data-element_type=\"widget\" data-widget_type=\"spacer.default\">\n\t\t\t\t<div class=\"elementor-widget-container\">\n\t\t\t\t\t\t\t<div class=\"elementor-spacer\">\n\t\t\t<div class=\"elementor-spacer-inner\"><\/div>\n\t\t<\/div>\n\t\t\t\t\t\t<\/div>\n\t\t\t\t<\/div>\n\t\t\t\t\t<\/div>\n\t\t<\/div>\n\t\t\t\t\t<\/div>\n\t\t<\/section>\n\t\t\t\t<\/div>\n\t\t","protected":false},"excerpt":{"rendered":"<p>Compensaci\u00f3n Econ\u00f3mica Con la implementaci\u00f3n del nuevo C\u00f3digo Civil y Comercial de la Naci\u00f3n, se ha incorporado una novedosa figura conocida como Compensaci\u00f3n Econ\u00f3mica. Esta instituci\u00f3n se basa en la comparaci\u00f3n entre la situaci\u00f3n de los c\u00f3nyuges antes y despu\u00e9s del matrimonio. Si surge un desequilibrio entre ellos que resulte en un deterioro de la [&hellip;]<\/p>\n","protected":false},"author":1,"featured_media":0,"parent":0,"menu_order":0,"comment_status":"closed","ping_status":"open","template":"","meta":{"site-sidebar-layout":"no-sidebar","site-content-layout":"page-builder","ast-site-content-layout":"default","site-content-style":"default","site-sidebar-style":"default","ast-global-header-display":"","ast-banner-title-visibility":"","ast-main-header-display":"","ast-hfb-above-header-display":"","ast-hfb-below-header-display":"","ast-hfb-mobile-header-display":"","site-post-title":"disabled","ast-breadcrumbs-content":"","ast-featured-img":"disabled","footer-sml-layout":"","ast-disable-related-posts":"","theme-transparent-header-meta":"","adv-header-id-meta":"","stick-header-meta":"","header-above-stick-meta":"","header-main-stick-meta":"","header-below-stick-meta":"","astra-migrate-meta-layouts":"default","ast-page-background-enabled":"default","ast-page-background-meta":{"desktop":{"background-color":"var(--ast-global-color-4)","background-image":"","background-repeat":"repeat","background-position":"center center","background-size":"auto","background-attachment":"scroll","background-type":"","background-media":"","overlay-type":"","overlay-color":"","overlay-opacity":"","overlay-gradient":""},"tablet":{"background-color":"","background-image":"","background-repeat":"repeat","background-position":"center center","background-size":"auto","background-attachment":"scroll","background-type":"","background-media":"","overlay-type":"","overlay-color":"","overlay-opacity":"","overlay-gradient":""},"mobile":{"background-color":"","background-image":"","background-repeat":"repeat","background-position":"center center","background-size":"auto","background-attachment":"scroll","background-type":"","background-media":"","overlay-type":"","overlay-color":"","overlay-opacity":"","overlay-gradient":""}},"ast-content-background-meta":{"desktop":{"background-color":"var(--ast-global-color-5)","background-image":"","background-repeat":"repeat","background-position":"center center","background-size":"auto","background-attachment":"scroll","background-type":"","background-media":"","overlay-type":"","overlay-color":"","overlay-opacity":"","overlay-gradient":""},"tablet":{"background-color":"var(--ast-global-color-5)","background-image":"","background-repeat":"repeat","background-position":"center center","background-size":"auto","background-attachment":"scroll","background-type":"","background-media":"","overlay-type":"","overlay-color":"","overlay-opacity":"","overlay-gradient":""},"mobile":{"background-color":"var(--ast-global-color-5)","background-image":"","background-repeat":"repeat","background-position":"center center","background-size":"auto","background-attachment":"scroll","background-type":"","background-media":"","overlay-type":"","overlay-color":"","overlay-opacity":"","overlay-gradient":""}},"_joinchat":[],"footnotes":""},"class_list":["post-51","page","type-page","status-publish","hentry"],"yoast_head":"<!-- This site is optimized with the Yoast SEO plugin v27.5 - https:\/\/yoast.com\/product\/yoast-seo-wordpress\/ -->\n<title>Compensaci\u00f3n Econ\u00f3mica - Adri\u00e1n Fernandez Abogado<\/title>\n<meta name=\"robots\" content=\"index, follow, max-snippet:-1, max-image-preview:large, max-video-preview:-1\" \/>\n<link rel=\"canonical\" href=\"https:\/\/adrianfernandezabogado.com.ar\/index.php\/compensacion-economica\/\" \/>\n<meta property=\"og:locale\" content=\"es_ES\" \/>\n<meta property=\"og:type\" content=\"article\" \/>\n<meta property=\"og:title\" content=\"Compensaci\u00f3n Econ\u00f3mica - Adri\u00e1n Fernandez Abogado\" \/>\n<meta property=\"og:description\" content=\"Compensaci\u00f3n Econ\u00f3mica Con la implementaci\u00f3n del nuevo C\u00f3digo Civil y Comercial de la Naci\u00f3n, se ha incorporado una novedosa figura conocida como Compensaci\u00f3n Econ\u00f3mica. Esta instituci\u00f3n se basa en la comparaci\u00f3n entre la situaci\u00f3n de los c\u00f3nyuges antes y despu\u00e9s del matrimonio. Si surge un desequilibrio entre ellos que resulte en un deterioro de la [&hellip;]\" \/>\n<meta property=\"og:url\" content=\"https:\/\/adrianfernandezabogado.com.ar\/index.php\/compensacion-economica\/\" \/>\n<meta property=\"og:site_name\" content=\"Adri\u00e1n Fernandez Abogado\" \/>\n<meta property=\"article:modified_time\" content=\"2023-08-13T18:53:32+00:00\" \/>\n<meta name=\"twitter:card\" content=\"summary_large_image\" \/>\n<meta name=\"twitter:label1\" content=\"Est. reading time\" \/>\n\t<meta name=\"twitter:data1\" content=\"2 minutos\" \/>\n<script type=\"application\/ld+json\" class=\"yoast-schema-graph\">{\"@context\":\"https:\\\/\\\/schema.org\",\"@graph\":[{\"@type\":\"WebPage\",\"@id\":\"https:\\\/\\\/adrianfernandezabogado.com.ar\\\/index.php\\\/compensacion-economica\\\/\",\"url\":\"https:\\\/\\\/adrianfernandezabogado.com.ar\\\/index.php\\\/compensacion-economica\\\/\",\"name\":\"Compensaci\u00f3n Econ\u00f3mica - Adri\u00e1n Fernandez Abogado\",\"isPartOf\":{\"@id\":\"https:\\\/\\\/adrianfernandezabogado.com.ar\\\/#website\"},\"datePublished\":\"2023-08-13T16:47:36+00:00\",\"dateModified\":\"2023-08-13T18:53:32+00:00\",\"breadcrumb\":{\"@id\":\"https:\\\/\\\/adrianfernandezabogado.com.ar\\\/index.php\\\/compensacion-economica\\\/#breadcrumb\"},\"inLanguage\":\"es-UY\",\"potentialAction\":[{\"@type\":\"ReadAction\",\"target\":[\"https:\\\/\\\/adrianfernandezabogado.com.ar\\\/index.php\\\/compensacion-economica\\\/\"]}]},{\"@type\":\"BreadcrumbList\",\"@id\":\"https:\\\/\\\/adrianfernandezabogado.com.ar\\\/index.php\\\/compensacion-economica\\\/#breadcrumb\",\"itemListElement\":[{\"@type\":\"ListItem\",\"position\":1,\"name\":\"Portada\",\"item\":\"https:\\\/\\\/adrianfernandezabogado.com.ar\\\/\"},{\"@type\":\"ListItem\",\"position\":2,\"name\":\"Compensaci\u00f3n Econ\u00f3mica\"}]},{\"@type\":\"WebSite\",\"@id\":\"https:\\\/\\\/adrianfernandezabogado.com.ar\\\/#website\",\"url\":\"https:\\\/\\\/adrianfernandezabogado.com.ar\\\/\",\"name\":\"Adri\u00e1n Fernandez Abogado\",\"description\":\"Estudio Jur\u00eddoco Integral. Divorcios compensaci\u00f3n econ\u00f3mica, r\u00e9gimen de comunicaci\u00f3n, atribuci\u00f3n de la vivienda, cuidado personal, capacidad jur\u00eddica, plan de parentalidad, sucesiones y filiaciones.\",\"publisher\":{\"@id\":\"https:\\\/\\\/adrianfernandezabogado.com.ar\\\/#organization\"},\"potentialAction\":[{\"@type\":\"SearchAction\",\"target\":{\"@type\":\"EntryPoint\",\"urlTemplate\":\"https:\\\/\\\/adrianfernandezabogado.com.ar\\\/?s={search_term_string}\"},\"query-input\":{\"@type\":\"PropertyValueSpecification\",\"valueRequired\":true,\"valueName\":\"search_term_string\"}}],\"inLanguage\":\"es-UY\"},{\"@type\":\"Organization\",\"@id\":\"https:\\\/\\\/adrianfernandezabogado.com.ar\\\/#organization\",\"name\":\"Adri\u00e1n Fernandez Abogado\",\"url\":\"https:\\\/\\\/adrianfernandezabogado.com.ar\\\/\",\"logo\":{\"@type\":\"ImageObject\",\"inLanguage\":\"es-UY\",\"@id\":\"https:\\\/\\\/adrianfernandezabogado.com.ar\\\/#\\\/schema\\\/logo\\\/image\\\/\",\"url\":\"https:\\\/\\\/adrianfernandezabogado.com.ar\\\/wp-content\\\/uploads\\\/2023\\\/08\\\/LOGOWEB.jpg\",\"contentUrl\":\"https:\\\/\\\/adrianfernandezabogado.com.ar\\\/wp-content\\\/uploads\\\/2023\\\/08\\\/LOGOWEB.jpg\",\"width\":700,\"height\":180,\"caption\":\"Adri\u00e1n Fernandez Abogado\"},\"image\":{\"@id\":\"https:\\\/\\\/adrianfernandezabogado.com.ar\\\/#\\\/schema\\\/logo\\\/image\\\/\"}}]}<\/script>\n<!-- \/ Yoast SEO plugin. -->","yoast_head_json":{"title":"Compensaci\u00f3n Econ\u00f3mica - Adri\u00e1n Fernandez Abogado","robots":{"index":"index","follow":"follow","max-snippet":"max-snippet:-1","max-image-preview":"max-image-preview:large","max-video-preview":"max-video-preview:-1"},"canonical":"https:\/\/adrianfernandezabogado.com.ar\/index.php\/compensacion-economica\/","og_locale":"es_ES","og_type":"article","og_title":"Compensaci\u00f3n Econ\u00f3mica - Adri\u00e1n Fernandez Abogado","og_description":"Compensaci\u00f3n Econ\u00f3mica Con la implementaci\u00f3n del nuevo C\u00f3digo Civil y Comercial de la Naci\u00f3n, se ha incorporado una novedosa figura conocida como Compensaci\u00f3n Econ\u00f3mica. Esta instituci\u00f3n se basa en la comparaci\u00f3n entre la situaci\u00f3n de los c\u00f3nyuges antes y despu\u00e9s del matrimonio. Si surge un desequilibrio entre ellos que resulte en un deterioro de la [&hellip;]","og_url":"https:\/\/adrianfernandezabogado.com.ar\/index.php\/compensacion-economica\/","og_site_name":"Adri\u00e1n Fernandez Abogado","article_modified_time":"2023-08-13T18:53:32+00:00","twitter_card":"summary_large_image","twitter_misc":{"Est. reading time":"2 minutos"},"schema":{"@context":"https:\/\/schema.org","@graph":[{"@type":"WebPage","@id":"https:\/\/adrianfernandezabogado.com.ar\/index.php\/compensacion-economica\/","url":"https:\/\/adrianfernandezabogado.com.ar\/index.php\/compensacion-economica\/","name":"Compensaci\u00f3n Econ\u00f3mica - Adri\u00e1n Fernandez Abogado","isPartOf":{"@id":"https:\/\/adrianfernandezabogado.com.ar\/#website"},"datePublished":"2023-08-13T16:47:36+00:00","dateModified":"2023-08-13T18:53:32+00:00","breadcrumb":{"@id":"https:\/\/adrianfernandezabogado.com.ar\/index.php\/compensacion-economica\/#breadcrumb"},"inLanguage":"es-UY","potentialAction":[{"@type":"ReadAction","target":["https:\/\/adrianfernandezabogado.com.ar\/index.php\/compensacion-economica\/"]}]},{"@type":"BreadcrumbList","@id":"https:\/\/adrianfernandezabogado.com.ar\/index.php\/compensacion-economica\/#breadcrumb","itemListElement":[{"@type":"ListItem","position":1,"name":"Portada","item":"https:\/\/adrianfernandezabogado.com.ar\/"},{"@type":"ListItem","position":2,"name":"Compensaci\u00f3n Econ\u00f3mica"}]},{"@type":"WebSite","@id":"https:\/\/adrianfernandezabogado.com.ar\/#website","url":"https:\/\/adrianfernandezabogado.com.ar\/","name":"Adri\u00e1n Fernandez Abogado","description":"Estudio Jur\u00eddoco Integral. Divorcios compensaci\u00f3n econ\u00f3mica, r\u00e9gimen de comunicaci\u00f3n, atribuci\u00f3n de la vivienda, cuidado personal, capacidad jur\u00eddica, plan de parentalidad, sucesiones y filiaciones.","publisher":{"@id":"https:\/\/adrianfernandezabogado.com.ar\/#organization"},"potentialAction":[{"@type":"SearchAction","target":{"@type":"EntryPoint","urlTemplate":"https:\/\/adrianfernandezabogado.com.ar\/?s={search_term_string}"},"query-input":{"@type":"PropertyValueSpecification","valueRequired":true,"valueName":"search_term_string"}}],"inLanguage":"es-UY"},{"@type":"Organization","@id":"https:\/\/adrianfernandezabogado.com.ar\/#organization","name":"Adri\u00e1n Fernandez Abogado","url":"https:\/\/adrianfernandezabogado.com.ar\/","logo":{"@type":"ImageObject","inLanguage":"es-UY","@id":"https:\/\/adrianfernandezabogado.com.ar\/#\/schema\/logo\/image\/","url":"https:\/\/adrianfernandezabogado.com.ar\/wp-content\/uploads\/2023\/08\/LOGOWEB.jpg","contentUrl":"https:\/\/adrianfernandezabogado.com.ar\/wp-content\/uploads\/2023\/08\/LOGOWEB.jpg","width":700,"height":180,"caption":"Adri\u00e1n Fernandez Abogado"},"image":{"@id":"https:\/\/adrianfernandezabogado.com.ar\/#\/schema\/logo\/image\/"}}]}},"_links":{"self":[{"href":"https:\/\/adrianfernandezabogado.com.ar\/index.php\/wp-json\/wp\/v2\/pages\/51","targetHints":{"allow":["GET"]}}],"collection":[{"href":"https:\/\/adrianfernandezabogado.com.ar\/index.php\/wp-json\/wp\/v2\/pages"}],"about":[{"href":"https:\/\/adrianfernandezabogado.com.ar\/index.php\/wp-json\/wp\/v2\/types\/page"}],"author":[{"embeddable":true,"href":"https:\/\/adrianfernandezabogado.com.ar\/index.php\/wp-json\/wp\/v2\/users\/1"}],"replies":[{"embeddable":true,"href":"https:\/\/adrianfernandezabogado.com.ar\/index.php\/wp-json\/wp\/v2\/comments?post=51"}],"version-history":[{"count":7,"href":"https:\/\/adrianfernandezabogado.com.ar\/index.php\/wp-json\/wp\/v2\/pages\/51\/revisions"}],"predecessor-version":[{"id":205,"href":"https:\/\/adrianfernandezabogado.com.ar\/index.php\/wp-json\/wp\/v2\/pages\/51\/revisions\/205"}],"wp:attachment":[{"href":"https:\/\/adrianfernandezabogado.com.ar\/index.php\/wp-json\/wp\/v2\/media?parent=51"}],"curies":[{"name":"wp","href":"https:\/\/api.w.org\/{rel}","templated":true}]}}