{"id":42,"date":"2023-08-13T18:45:20","date_gmt":"2023-08-13T16:45:20","guid":{"rendered":"https:\/\/adrianfernandezabogado.com.ar\/?page_id=42"},"modified":"2023-08-13T20:34:19","modified_gmt":"2023-08-13T18:34:19","slug":"contacto","status":"publish","type":"page","link":"https:\/\/adrianfernandezabogado.com.ar\/index.php\/contacto\/","title":{"rendered":"CONTACTO"},"content":{"rendered":"\t\t<div data-elementor-type=\"wp-page\" data-elementor-id=\"42\" class=\"elementor elementor-42\" data-elementor-settings=\"{&quot;ha_cmc_init_switcher&quot;:&quot;no&quot;}\" data-elementor-post-type=\"page\">\n\t\t\t\t\t\t<section class=\"elementor-section elementor-top-section elementor-element elementor-element-7ee72bb elementor-section-full_width elementor-section-height-min-height elementor-section-height-default elementor-section-items-middle\" data-id=\"7ee72bb\" data-element_type=\"section\" data-settings=\"{&quot;background_background&quot;:&quot;classic&quot;,&quot;_ha_eqh_enable&quot;:false}\">\n\t\t\t\t\t\t\t<div class=\"elementor-background-overlay\"><\/div>\n\t\t\t\t\t\t\t<div class=\"elementor-container elementor-column-gap-no\">\n\t\t\t\t\t<div class=\"elementor-column elementor-col-100 elementor-top-column elementor-element elementor-element-e24f653\" data-id=\"e24f653\" data-element_type=\"column\">\n\t\t\t<div class=\"elementor-widget-wrap elementor-element-populated\">\n\t\t\t\t\t\t<div class=\"elementor-element elementor-element-c94ca3a elementor-widget elementor-widget-heading\" data-id=\"c94ca3a\" data-element_type=\"widget\" data-widget_type=\"heading.default\">\n\t\t\t\t<div class=\"elementor-widget-container\">\n\t\t\t\t\t<h2 class=\"elementor-heading-title elementor-size-default\">CONTACTO<\/h2>\t\t\t\t<\/div>\n\t\t\t\t<\/div>\n\t\t\t\t\t<\/div>\n\t\t<\/div>\n\t\t\t\t\t<\/div>\n\t\t<\/section>\n\t\t\t\t<section class=\"elementor-section elementor-top-section elementor-element elementor-element-5998e59 elementor-section-boxed elementor-section-height-default elementor-section-height-default\" data-id=\"5998e59\" data-element_type=\"section\" data-settings=\"{&quot;_ha_eqh_enable&quot;:false}\">\n\t\t\t\t\t\t<div class=\"elementor-container elementor-column-gap-default\">\n\t\t\t\t\t<div class=\"elementor-column elementor-col-100 elementor-top-column elementor-element elementor-element-0885ffd\" data-id=\"0885ffd\" data-element_type=\"column\">\n\t\t\t<div class=\"elementor-widget-wrap elementor-element-populated\">\n\t\t\t\t\t\t<div class=\"elementor-element elementor-element-c701c61 elementor-widget elementor-widget-text-editor\" data-id=\"c701c61\" data-element_type=\"widget\" data-widget_type=\"text-editor.default\">\n\t\t\t\t<div class=\"elementor-widget-container\">\n\t\t\t\t\t\t\t\t\t\u00a1No dudes en ponerte en contacto con nosotros para recibir asesoramiento legal personalizado! Estamos aqu\u00ed para responder a tus consultas y brindarte las soluciones que necesitas.\u00a0 Tu satisfacci\u00f3n y \u00e9xito legal son nuestra prioridad, y esperamos poder ayudarte en cada paso del camino. \u00a1Esperamos tu llamado o mensaje!\n<div id=\"BD34DA22_AD31_C801_29AB_A63725E52126\"><\/div>\n<div id=\"BD34DA22_AD31_C801_29AB_A63725E52126\"><\/div>\t\t\t\t\t\t\t\t<\/div>\n\t\t\t\t<\/div>\n\t\t\t\t<div class=\"elementor-element elementor-element-1f6f833 elementor-widget elementor-widget-text-editor\" data-id=\"1f6f833\" data-element_type=\"widget\" data-widget_type=\"text-editor.default\">\n\t\t\t\t<div class=\"elementor-widget-container\">\n\t\t\t\t\t\t\t\t\tNos encontramos en Ituzaing\u00f3\n<div id=\"BD34DA22_AD31_C801_29AB_A63725E52126\"><\/div>\n<div id=\"BD34DA22_AD31_C801_29AB_A63725E52126\"><\/div>\n<div id=\"BD34DA22_AD31_C801_29AB_A63725E52126\"><\/div>\t\t\t\t\t\t\t\t<\/div>\n\t\t\t\t<\/div>\n\t\t\t\t<div class=\"elementor-element elementor-element-ed16aa0 elementor-align-center elementor-icon-list--layout-traditional elementor-list-item-link-full_width elementor-widget elementor-widget-icon-list\" data-id=\"ed16aa0\" data-element_type=\"widget\" data-widget_type=\"icon-list.default\">\n\t\t\t\t<div class=\"elementor-widget-container\">\n\t\t\t\t\t\t\t<ul class=\"elementor-icon-list-items\">\n\t\t\t\t\t\t\t<li class=\"elementor-icon-list-item\">\n\t\t\t\t\t\t\t\t\t\t\t<a href=\"tel:1154932290\" target=\"_blank\">\n\n\t\t\t\t\t\t\t\t\t\t\t\t<span class=\"elementor-icon-list-icon\">\n\t\t\t\t\t\t\t<i aria-hidden=\"true\" class=\"fas fa-phone-alt\"><\/i>\t\t\t\t\t\t<\/span>\n\t\t\t\t\t\t\t\t\t\t<span class=\"elementor-icon-list-text\">1154932290<\/span>\n\t\t\t\t\t\t\t\t\t\t\t<\/a>\n\t\t\t\t\t\t\t\t\t<\/li>\n\t\t\t\t\t\t\t\t<li class=\"elementor-icon-list-item\">\n\t\t\t\t\t\t\t\t\t\t\t<a href=\"mailto:adrian_fernandez72@hotmail.com\" target=\"_blank\">\n\n\t\t\t\t\t\t\t\t\t\t\t\t<span class=\"elementor-icon-list-icon\">\n\t\t\t\t\t\t\t<i aria-hidden=\"true\" class=\"far fa-envelope\"><\/i>\t\t\t\t\t\t<\/span>\n\t\t\t\t\t\t\t\t\t\t<span class=\"elementor-icon-list-text\">adrian_fernandez72@hotmail.com<\/span>\n\t\t\t\t\t\t\t\t\t\t\t<\/a>\n\t\t\t\t\t\t\t\t\t<\/li>\n\t\t\t\t\t\t\t\t<li class=\"elementor-icon-list-item\">\n\t\t\t\t\t\t\t\t\t\t\t<a href=\"https:\/\/www.instagram.com\/adrian_fernandez72\/\" target=\"_blank\">\n\n\t\t\t\t\t\t\t\t\t\t\t\t<span class=\"elementor-icon-list-icon\">\n\t\t\t\t\t\t\t<i aria-hidden=\"true\" class=\"fab fa-instagram\"><\/i>\t\t\t\t\t\t<\/span>\n\t\t\t\t\t\t\t\t\t\t<span class=\"elementor-icon-list-text\">Instagram<\/span>\n\t\t\t\t\t\t\t\t\t\t\t<\/a>\n\t\t\t\t\t\t\t\t\t<\/li>\n\t\t\t\t\t\t<\/ul>\n\t\t\t\t\t\t<\/div>\n\t\t\t\t<\/div>\n\t\t\t\t<div class=\"elementor-element elementor-element-014da81 elementor-align-center elementor-mobile-align-center elementor-widget elementor-widget-button\" data-id=\"014da81\" data-element_type=\"widget\" data-widget_type=\"button.default\">\n\t\t\t\t<div class=\"elementor-widget-container\">\n\t\t\t\t\t\t\t\t\t<div class=\"elementor-button-wrapper\">\n\t\t\t\t\t<a class=\"elementor-button elementor-button-link elementor-size-sm elementor-animation-shrink\" href=\"https:\/\/wa.link\/aond0w\" target=\"_blank\">\n\t\t\t\t\t\t<span class=\"elementor-button-content-wrapper\">\n\t\t\t\t\t\t<span class=\"elementor-button-icon\">\n\t\t\t\t<i aria-hidden=\"true\" class=\"fab fa-whatsapp\"><\/i>\t\t\t<\/span>\n\t\t\t\t\t\t\t\t\t<span class=\"elementor-button-text\">ENVIAR WHATSAPP<\/span>\n\t\t\t\t\t<\/span>\n\t\t\t\t\t<\/a>\n\t\t\t\t<\/div>\n\t\t\t\t\t\t\t\t<\/div>\n\t\t\t\t<\/div>\n\t\t\t\t<div class=\"elementor-element elementor-element-3eaa6b6 elementor-widget elementor-widget-spacer\" data-id=\"3eaa6b6\" data-element_type=\"widget\" data-widget_type=\"spacer.default\">\n\t\t\t\t<div class=\"elementor-widget-container\">\n\t\t\t\t\t\t\t<div class=\"elementor-spacer\">\n\t\t\t<div class=\"elementor-spacer-inner\"><\/div>\n\t\t<\/div>\n\t\t\t\t\t\t<\/div>\n\t\t\t\t<\/div>\n\t\t\t\t\t<\/div>\n\t\t<\/div>\n\t\t\t\t\t<\/div>\n\t\t<\/section>\n\t\t\t\t<\/div>\n\t\t","protected":false},"excerpt":{"rendered":"<p>CONTACTO \u00a1No dudes en ponerte en contacto con nosotros para recibir asesoramiento legal personalizado! Estamos aqu\u00ed para responder a tus consultas y brindarte las soluciones que necesitas.\u00a0 Tu satisfacci\u00f3n y \u00e9xito legal son nuestra prioridad, y esperamos poder ayudarte en cada paso del camino. \u00a1Esperamos tu llamado o mensaje! Nos encontramos en Ituzaing\u00f3 1154932290 adrian_fernandez72@hotmail.com [&hellip;]<\/p>\n","protected":false},"author":1,"featured_media":0,"parent":0,"menu_order":0,"comment_status":"closed","ping_status":"open","template":"","meta":{"site-sidebar-layout":"no-sidebar","site-content-layout":"page-builder","ast-site-content-layout":"default","site-content-style":"default","site-sidebar-style":"default","ast-global-header-display":"","ast-banner-title-visibility":"","ast-main-header-display":"","ast-hfb-above-header-display":"","ast-hfb-below-header-display":"","ast-hfb-mobile-header-display":"","site-post-title":"disabled","ast-breadcrumbs-content":"","ast-featured-img":"disabled","footer-sml-layout":"","ast-disable-related-posts":"","theme-transparent-header-meta":"","adv-header-id-meta":"","stick-header-meta":"","header-above-stick-meta":"","header-main-stick-meta":"","header-below-stick-meta":"","astra-migrate-meta-layouts":"default","ast-page-background-enabled":"default","ast-page-background-meta":{"desktop":{"background-color":"var(--ast-global-color-4)","background-image":"","background-repeat":"repeat","background-position":"center center","background-size":"auto","background-attachment":"scroll","background-type":"","background-media":"","overlay-type":"","overlay-color":"","overlay-opacity":"","overlay-gradient":""},"tablet":{"background-color":"","background-image":"","background-repeat":"repeat","background-position":"center center","background-size":"auto","background-attachment":"scroll","background-type":"","background-media":"","overlay-type":"","overlay-color":"","overlay-opacity":"","overlay-gradient":""},"mobile":{"background-color":"","background-image":"","background-repeat":"repeat","background-position":"center center","background-size":"auto","background-attachment":"scroll","background-type":"","background-media":"","overlay-type":"","overlay-color":"","overlay-opacity":"","overlay-gradient":""}},"ast-content-background-meta":{"desktop":{"background-color":"var(--ast-global-color-5)","background-image":"","background-repeat":"repeat","background-position":"center center","background-size":"auto","background-attachment":"scroll","background-type":"","background-media":"","overlay-type":"","overlay-color":"","overlay-opacity":"","overlay-gradient":""},"tablet":{"background-color":"var(--ast-global-color-5)","background-image":"","background-repeat":"repeat","background-position":"center center","background-size":"auto","background-attachment":"scroll","background-type":"","background-media":"","overlay-type":"","overlay-color":"","overlay-opacity":"","overlay-gradient":""},"mobile":{"background-color":"var(--ast-global-color-5)","background-image":"","background-repeat":"repeat","background-position":"center center","background-size":"auto","background-attachment":"scroll","background-type":"","background-media":"","overlay-type":"","overlay-color":"","overlay-opacity":"","overlay-gradient":""}},"_joinchat":[],"footnotes":""},"class_list":["post-42","page","type-page","status-publish","hentry"],"yoast_head":"<!-- This site is optimized with the Yoast SEO plugin v27.4 - https:\/\/yoast.com\/product\/yoast-seo-wordpress\/ -->\n<title>CONTACTO - Adri\u00e1n Fernandez Abogado<\/title>\n<meta name=\"robots\" content=\"index, follow, max-snippet:-1, max-image-preview:large, max-video-preview:-1\" \/>\n<link rel=\"canonical\" href=\"https:\/\/adrianfernandezabogado.com.ar\/index.php\/contacto\/\" \/>\n<meta property=\"og:locale\" content=\"es_ES\" \/>\n<meta property=\"og:type\" content=\"article\" \/>\n<meta property=\"og:title\" content=\"CONTACTO - Adri\u00e1n Fernandez Abogado\" \/>\n<meta property=\"og:description\" content=\"CONTACTO \u00a1No dudes en ponerte en contacto con nosotros para recibir asesoramiento legal personalizado! Estamos aqu\u00ed para responder a tus consultas y brindarte las soluciones que necesitas.\u00a0 Tu satisfacci\u00f3n y \u00e9xito legal son nuestra prioridad, y esperamos poder ayudarte en cada paso del camino. \u00a1Esperamos tu llamado o mensaje! Nos encontramos en Ituzaing\u00f3 1154932290 adrian_fernandez72@hotmail.com [&hellip;]\" \/>\n<meta property=\"og:url\" content=\"https:\/\/adrianfernandezabogado.com.ar\/index.php\/contacto\/\" \/>\n<meta property=\"og:site_name\" content=\"Adri\u00e1n Fernandez Abogado\" \/>\n<meta property=\"article:modified_time\" content=\"2023-08-13T18:34:19+00:00\" \/>\n<meta name=\"twitter:card\" content=\"summary_large_image\" \/>\n<meta name=\"twitter:label1\" content=\"Est. reading time\" \/>\n\t<meta name=\"twitter:data1\" content=\"1 minuto\" \/>\n<script type=\"application\/ld+json\" class=\"yoast-schema-graph\">{\"@context\":\"https:\\\/\\\/schema.org\",\"@graph\":[{\"@type\":\"WebPage\",\"@id\":\"https:\\\/\\\/adrianfernandezabogado.com.ar\\\/index.php\\\/contacto\\\/\",\"url\":\"https:\\\/\\\/adrianfernandezabogado.com.ar\\\/index.php\\\/contacto\\\/\",\"name\":\"CONTACTO - Adri\u00e1n Fernandez Abogado\",\"isPartOf\":{\"@id\":\"https:\\\/\\\/adrianfernandezabogado.com.ar\\\/#website\"},\"datePublished\":\"2023-08-13T16:45:20+00:00\",\"dateModified\":\"2023-08-13T18:34:19+00:00\",\"breadcrumb\":{\"@id\":\"https:\\\/\\\/adrianfernandezabogado.com.ar\\\/index.php\\\/contacto\\\/#breadcrumb\"},\"inLanguage\":\"es-UY\",\"potentialAction\":[{\"@type\":\"ReadAction\",\"target\":[\"https:\\\/\\\/adrianfernandezabogado.com.ar\\\/index.php\\\/contacto\\\/\"]}]},{\"@type\":\"BreadcrumbList\",\"@id\":\"https:\\\/\\\/adrianfernandezabogado.com.ar\\\/index.php\\\/contacto\\\/#breadcrumb\",\"itemListElement\":[{\"@type\":\"ListItem\",\"position\":1,\"name\":\"Portada\",\"item\":\"https:\\\/\\\/adrianfernandezabogado.com.ar\\\/\"},{\"@type\":\"ListItem\",\"position\":2,\"name\":\"CONTACTO\"}]},{\"@type\":\"WebSite\",\"@id\":\"https:\\\/\\\/adrianfernandezabogado.com.ar\\\/#website\",\"url\":\"https:\\\/\\\/adrianfernandezabogado.com.ar\\\/\",\"name\":\"Adri\u00e1n Fernandez Abogado\",\"description\":\"Estudio Jur\u00eddoco Integral. Divorcios compensaci\u00f3n econ\u00f3mica, r\u00e9gimen de comunicaci\u00f3n, atribuci\u00f3n de la vivienda, cuidado personal, capacidad jur\u00eddica, plan de parentalidad, sucesiones y filiaciones.\",\"publisher\":{\"@id\":\"https:\\\/\\\/adrianfernandezabogado.com.ar\\\/#organization\"},\"potentialAction\":[{\"@type\":\"SearchAction\",\"target\":{\"@type\":\"EntryPoint\",\"urlTemplate\":\"https:\\\/\\\/adrianfernandezabogado.com.ar\\\/?s={search_term_string}\"},\"query-input\":{\"@type\":\"PropertyValueSpecification\",\"valueRequired\":true,\"valueName\":\"search_term_string\"}}],\"inLanguage\":\"es-UY\"},{\"@type\":\"Organization\",\"@id\":\"https:\\\/\\\/adrianfernandezabogado.com.ar\\\/#organization\",\"name\":\"Adri\u00e1n Fernandez Abogado\",\"url\":\"https:\\\/\\\/adrianfernandezabogado.com.ar\\\/\",\"logo\":{\"@type\":\"ImageObject\",\"inLanguage\":\"es-UY\",\"@id\":\"https:\\\/\\\/adrianfernandezabogado.com.ar\\\/#\\\/schema\\\/logo\\\/image\\\/\",\"url\":\"https:\\\/\\\/adrianfernandezabogado.com.ar\\\/wp-content\\\/uploads\\\/2023\\\/08\\\/LOGOWEB.jpg\",\"contentUrl\":\"https:\\\/\\\/adrianfernandezabogado.com.ar\\\/wp-content\\\/uploads\\\/2023\\\/08\\\/LOGOWEB.jpg\",\"width\":700,\"height\":180,\"caption\":\"Adri\u00e1n Fernandez Abogado\"},\"image\":{\"@id\":\"https:\\\/\\\/adrianfernandezabogado.com.ar\\\/#\\\/schema\\\/logo\\\/image\\\/\"}}]}<\/script>\n<!-- \/ Yoast SEO plugin. -->","yoast_head_json":{"title":"CONTACTO - Adri\u00e1n Fernandez Abogado","robots":{"index":"index","follow":"follow","max-snippet":"max-snippet:-1","max-image-preview":"max-image-preview:large","max-video-preview":"max-video-preview:-1"},"canonical":"https:\/\/adrianfernandezabogado.com.ar\/index.php\/contacto\/","og_locale":"es_ES","og_type":"article","og_title":"CONTACTO - Adri\u00e1n Fernandez Abogado","og_description":"CONTACTO \u00a1No dudes en ponerte en contacto con nosotros para recibir asesoramiento legal personalizado! Estamos aqu\u00ed para responder a tus consultas y brindarte las soluciones que necesitas.\u00a0 Tu satisfacci\u00f3n y \u00e9xito legal son nuestra prioridad, y esperamos poder ayudarte en cada paso del camino. \u00a1Esperamos tu llamado o mensaje! Nos encontramos en Ituzaing\u00f3 1154932290 adrian_fernandez72@hotmail.com [&hellip;]","og_url":"https:\/\/adrianfernandezabogado.com.ar\/index.php\/contacto\/","og_site_name":"Adri\u00e1n Fernandez Abogado","article_modified_time":"2023-08-13T18:34:19+00:00","twitter_card":"summary_large_image","twitter_misc":{"Est. reading time":"1 minuto"},"schema":{"@context":"https:\/\/schema.org","@graph":[{"@type":"WebPage","@id":"https:\/\/adrianfernandezabogado.com.ar\/index.php\/contacto\/","url":"https:\/\/adrianfernandezabogado.com.ar\/index.php\/contacto\/","name":"CONTACTO - Adri\u00e1n Fernandez Abogado","isPartOf":{"@id":"https:\/\/adrianfernandezabogado.com.ar\/#website"},"datePublished":"2023-08-13T16:45:20+00:00","dateModified":"2023-08-13T18:34:19+00:00","breadcrumb":{"@id":"https:\/\/adrianfernandezabogado.com.ar\/index.php\/contacto\/#breadcrumb"},"inLanguage":"es-UY","potentialAction":[{"@type":"ReadAction","target":["https:\/\/adrianfernandezabogado.com.ar\/index.php\/contacto\/"]}]},{"@type":"BreadcrumbList","@id":"https:\/\/adrianfernandezabogado.com.ar\/index.php\/contacto\/#breadcrumb","itemListElement":[{"@type":"ListItem","position":1,"name":"Portada","item":"https:\/\/adrianfernandezabogado.com.ar\/"},{"@type":"ListItem","position":2,"name":"CONTACTO"}]},{"@type":"WebSite","@id":"https:\/\/adrianfernandezabogado.com.ar\/#website","url":"https:\/\/adrianfernandezabogado.com.ar\/","name":"Adri\u00e1n Fernandez Abogado","description":"Estudio Jur\u00eddoco Integral. Divorcios compensaci\u00f3n econ\u00f3mica, r\u00e9gimen de comunicaci\u00f3n, atribuci\u00f3n de la vivienda, cuidado personal, capacidad jur\u00eddica, plan de parentalidad, sucesiones y filiaciones.","publisher":{"@id":"https:\/\/adrianfernandezabogado.com.ar\/#organization"},"potentialAction":[{"@type":"SearchAction","target":{"@type":"EntryPoint","urlTemplate":"https:\/\/adrianfernandezabogado.com.ar\/?s={search_term_string}"},"query-input":{"@type":"PropertyValueSpecification","valueRequired":true,"valueName":"search_term_string"}}],"inLanguage":"es-UY"},{"@type":"Organization","@id":"https:\/\/adrianfernandezabogado.com.ar\/#organization","name":"Adri\u00e1n Fernandez Abogado","url":"https:\/\/adrianfernandezabogado.com.ar\/","logo":{"@type":"ImageObject","inLanguage":"es-UY","@id":"https:\/\/adrianfernandezabogado.com.ar\/#\/schema\/logo\/image\/","url":"https:\/\/adrianfernandezabogado.com.ar\/wp-content\/uploads\/2023\/08\/LOGOWEB.jpg","contentUrl":"https:\/\/adrianfernandezabogado.com.ar\/wp-content\/uploads\/2023\/08\/LOGOWEB.jpg","width":700,"height":180,"caption":"Adri\u00e1n Fernandez Abogado"},"image":{"@id":"https:\/\/adrianfernandezabogado.com.ar\/#\/schema\/logo\/image\/"}}]}},"_links":{"self":[{"href":"https:\/\/adrianfernandezabogado.com.ar\/index.php\/wp-json\/wp\/v2\/pages\/42","targetHints":{"allow":["GET"]}}],"collection":[{"href":"https:\/\/adrianfernandezabogado.com.ar\/index.php\/wp-json\/wp\/v2\/pages"}],"about":[{"href":"https:\/\/adrianfernandezabogado.com.ar\/index.php\/wp-json\/wp\/v2\/types\/page"}],"author":[{"embeddable":true,"href":"https:\/\/adrianfernandezabogado.com.ar\/index.php\/wp-json\/wp\/v2\/users\/1"}],"replies":[{"embeddable":true,"href":"https:\/\/adrianfernandezabogado.com.ar\/index.php\/wp-json\/wp\/v2\/comments?post=42"}],"version-history":[{"count":25,"href":"https:\/\/adrianfernandezabogado.com.ar\/index.php\/wp-json\/wp\/v2\/pages\/42\/revisions"}],"predecessor-version":[{"id":166,"href":"https:\/\/adrianfernandezabogado.com.ar\/index.php\/wp-json\/wp\/v2\/pages\/42\/revisions\/166"}],"wp:attachment":[{"href":"https:\/\/adrianfernandezabogado.com.ar\/index.php\/wp-json\/wp\/v2\/media?parent=42"}],"curies":[{"name":"wp","href":"https:\/\/api.w.org\/{rel}","templated":true}]}}